{"id":213578,"date":"2025-06-02T18:42:33","date_gmt":"2025-06-02T16:42:33","guid":{"rendered":"https:\/\/www.lb25.de\/klammeraffe-reading-glasses-no-07-bifocal-work-bifocal-dark-blue\/"},"modified":"2026-03-30T10:25:09","modified_gmt":"2026-03-30T08:25:09","slug":"klammeraffe-reading-glasses-no-07-bifocal-work-bifocal-dark-blue","status":"publish","type":"product","link":"https:\/\/www.lesebrille.de\/en\/reading-glasses-en\/klammeraffe-en\/klammeraffe-reading-glasses-no-07-bifocal-work-bifocal-dark-blue\/","title":{"rendered":"No. 07 Work bifocal dark blue"},"content":{"rendered":"<p>[row]<\/p>\n<p>[col span=&#8221;8&#8243; span__sm=&#8221;12&#8243;]<\/p>\n<h2>Produktbeschreibung<\/h2>\n<p>Die bifokale Lesebrille Klammeraffe No. 07 bietet im unteren Sichtfeld die eingearbeitete Sehst\u00e4rke. Durch ihre gro\u00dfen Gl\u00e4ser erm\u00f6glicht sie au\u00dferdem ein extra gro\u00dfes Sichtfeld. Der stabile Rahmen und ihre ovalen Gl\u00e4ser sorgen f\u00fcr einen zeitlosen Look und machen das Modell zum perfekten Begleiter f\u00fcr Ihren Arbeitsalltag. Diese sch\u00f6ne Fertiglesebrille bieten wir Ihnen hier in den matten Farbt\u00f6nen blau und schwarz an.<\/p>\n<p>Die extralangen und flexiblen B\u00fcgel der Klammeraffe Lesebrille sind so geformt, dass Sie sie nicht nur bequem auf der Nase, sondern auch locker um den Hals tragen k\u00f6nnen. Das angenehme Material sorgt daf\u00fcr, dass die Brille sicher h\u00e4lt und immer an ihrem Platz bleibt. Die Oberfl\u00e4che dieser Lesebrille mit ihrem besonderen Soft-Touch Feeling f\u00fchlt sich angenehm weich an und ist f\u00fcr perfekten Halt leicht gummiert.<\/p>\n<p>[\/col]<\/p>\n<p>[\/row]<\/p>\n<p>F\u00fcr optimalen Komfort beim auf- und absetzen verf\u00fcgt die Klammeraffe Brille \u00fcber stabile Federscharniere. Diese erlauben es, die Brillenb\u00fcgel deutlich \u00fcber die Brillenbreite hinaus aufzuklappen. So l\u00e4sst sich die Klammeraffe Brille bequem aufsetzen und abnehmen. Zudem sind die extralangen Curveb\u00fcgel aus flexiblem Kunststoff. Damit dr\u00fcckt auch beim l\u00e4ngeren Lesen nichts und die Lesebrille sitzt immer perfekt.<\/p>\n<p><strong>Mit passendem Filz-Etui!<\/strong><br \/>\nZusammen mit dieser Klammeraffen Brille erhalten Sie von uns ein farblich passendes Etui aus weichem, farblich passenden Filz, in dem Sie Ihre Lesebrille sicher und vor Kratzern gesch\u00fctzt aufbewahren k\u00f6nnen, wenn Sie sie doch einmal abnehmen.<\/p>\n","protected":false},"excerpt":{"rendered":"<p>[row] [col span=&#8221;8&#8243; span__sm=&#8221;12&#8243;] Produktbeschreibung Die bifokale Lesebrille Klammeraffe No. 07 bietet im unteren Sichtfeld die eingearbeitete Sehst\u00e4rke. Durch ihre gro\u00dfen Gl\u00e4ser erm\u00f6glicht sie au\u00dferdem ein extra gro\u00dfes Sichtfeld. Der stabile Rahmen und ihre ovalen Gl\u00e4ser sorgen f\u00fcr einen zeitlosen Look und machen das Modell zum perfekten Begleiter f\u00fcr Ihren Arbeitsalltag. Diese sch\u00f6ne Fertiglesebrille bieten [&hellip;]<\/p>\n","protected":false},"featured_media":204480,"comment_status":"open","ping_status":"closed","template":"","meta":{"_acf_changed":false},"product_brand":[1829],"product_cat":[2048,1931],"product_tag":[2265,2605],"class_list":{"0":"post-213578","1":"product","2":"type-product","3":"status-publish","4":"has-post-thumbnail","6":"product_brand-klammeraffe","7":"product_cat-klammeraffe-en","8":"product_cat-reading-glasses-en","9":"product_tag-home-page","10":"product_tag-no-07","11":"pa_form-panto-en","13":"first","14":"instock","15":"taxable","16":"shipping-taxable","17":"purchasable","18":"product-type-variable"},"acf":[],"_links":{"self":[{"href":"https:\/\/www.lesebrille.de\/en\/wp-json\/wp\/v2\/product\/213578","targetHints":{"allow":["GET"]}}],"collection":[{"href":"https:\/\/www.lesebrille.de\/en\/wp-json\/wp\/v2\/product"}],"about":[{"href":"https:\/\/www.lesebrille.de\/en\/wp-json\/wp\/v2\/types\/product"}],"replies":[{"embeddable":true,"href":"https:\/\/www.lesebrille.de\/en\/wp-json\/wp\/v2\/comments?post=213578"}],"version-history":[{"count":2,"href":"https:\/\/www.lesebrille.de\/en\/wp-json\/wp\/v2\/product\/213578\/revisions"}],"predecessor-version":[{"id":226714,"href":"https:\/\/www.lesebrille.de\/en\/wp-json\/wp\/v2\/product\/213578\/revisions\/226714"}],"wp:featuredmedia":[{"embeddable":true,"href":"https:\/\/www.lesebrille.de\/en\/wp-json\/wp\/v2\/media\/204480"}],"wp:attachment":[{"href":"https:\/\/www.lesebrille.de\/en\/wp-json\/wp\/v2\/media?parent=213578"}],"wp:term":[{"taxonomy":"product_brand","embeddable":true,"href":"https:\/\/www.lesebrille.de\/en\/wp-json\/wp\/v2\/product_brand?post=213578"},{"taxonomy":"product_cat","embeddable":true,"href":"https:\/\/www.lesebrille.de\/en\/wp-json\/wp\/v2\/product_cat?post=213578"},{"taxonomy":"product_tag","embeddable":true,"href":"https:\/\/www.lesebrille.de\/en\/wp-json\/wp\/v2\/product_tag?post=213578"}],"curies":[{"name":"wp","href":"https:\/\/api.w.org\/{rel}","templated":true}]}}