{"id":214015,"date":"2025-06-02T18:36:45","date_gmt":"2025-06-02T16:36:45","guid":{"rendered":"https:\/\/www.lb25.de\/klammeraffe-sunglasses-no-12-bifocal-salmon\/"},"modified":"2026-02-23T12:56:25","modified_gmt":"2026-02-23T11:56:25","slug":"klammeraffe-sunglasses-no-12-bifocal-salmon","status":"publish","type":"product","link":"https:\/\/www.lesebrille.de\/en\/sunglasses\/bifocal-sunglasses\/klammeraffe-en-3\/klammeraffe-sunglasses-no-12-bifocal-salmon\/","title":{"rendered":"No. 12 bifocal Salmon"},"content":{"rendered":"<p>[row]<\/p>\n<p>[col span__sm=&#8221;12&#8243;]<\/p>\n<p>Die elegante, zeitlose Klammeraffe-Sonnenlesebrille No. 12 bieten wir Ihnen hier in einzigartiger Horn-Anmutung an. Im unteren Bereich der Sonnengl\u00e4ser ist Ihre Lesest\u00e4rke integriert.\u00a0Der Lesebereich ist auf der Innenseite der Gl\u00e4ser eingeschliffen und von au\u00dfen kaum bemerkbar. Somit ist diese Brille, ganz besonders im Sommer, ein praktischer und vielseitiger Begleiter.<\/p>\n<p>Diese Klammeraffe Brille k\u00f6nnen Sie dank ihrer langen und flexiblen Curve-B\u00fcgel nicht nur zum Lesen auf der Nase tragen, sondern auch jederzeit absetzen und locker um den Hals h\u00e4ngen. Dabei f\u00fchlt sich die Oberfl\u00e4che mit ihrem Soft-Touch-Feeling angenehm weich auf der Haut an. Die feine Gummierung des Materials sorgt f\u00fcr einen sanften aber sicheren Halt. Damit Sie die Brille jederzeit sorglos Auf- und Absetzen k\u00f6nnen, besitzt sie starke Federscharniere. Dadurch l\u00e4sst sie sich weiter aufklappen als gew\u00f6hnliche Brillen. Der Kunststoff der extralangen B\u00fcgel ist so sanft, dass die Brille auch nach einem langen Buch keine Druckstellen hinterl\u00e4sst.<\/p>\n<p><strong>Mit passendem Filz-Etui!<\/strong><br \/>\nF\u00fcr den Fall, dass Sie Ihre Klammeraffe Brille doch einmal absetzen sollten, erhalten Sie von uns ein farblich passendes Etui aus, feinem, hellgrau melierten Filz kostenfrei zu Ihrer Bestellung dazu.<\/p>\n<p><strong>Ein Design \u2013 viele M\u00f6glichkeiten!<\/strong><br \/>\nDieses Brillenmodell ist auch als Lesebrille,\u00a0Lesebrille mit Blaufilter\u00a0und Sonnenlesebrille erh\u00e4ltlich.<\/p>\n<p>[\/col]<\/p>\n<p>[\/row]<br \/>\n[row]<\/p>\n<p>[col span=&#8221;6&#8243; span__sm=&#8221;12&#8243;]<\/p>\n<h3>Vorteile der Klammeraffen Brille:<\/h3>\n<ul>\n<li class=\"bullet-checkmark\">Federscharnier<\/li>\n<li class=\"bullet-checkmark\">extra lange Curveb\u00fcgel<\/li>\n<li class=\"bullet-checkmark\">Soft-Touch Feeling<\/li>\n<li class=\"bullet-checkmark\">Rubber Finish<\/li>\n<li class=\"bullet-checkmark\">Qualit\u00e4tsgl\u00e4ser mit Hartlack<\/li>\n<li class=\"bullet-checkmark\">inklusive Filzetui<\/li>\n<\/ul>\n<p>[\/col]<br \/>\n[col span=&#8221;6&#8243; span__sm=&#8221;12&#8243; padding=&#8221;20px 20px 20px 20px&#8221; bg_color=&#8221;rgb(234, 234, 234)&#8221;]<\/p>\n<h4>Bitte beachten Sie auch diese Hinweise:<\/h4>\n<ul style=\"line-height: 1.6em; font-size: 14px;\">\n<li>Nur zum Nahsehen und Lesen geeignet<\/li>\n<li>Nur eine regelm\u00e4\u00dfige fachkundige Augenuntersuchung erm\u00f6glicht eine optimale Sehhilfe und \u00fcberpr\u00fcft die Gesundheit Ihrer Augen<\/li>\n<li>Nicht beim Fahren von Fahrzeugen gebrauchen<\/li>\n<li>Nicht f\u00fcr das Sehen in der Ferne geeignet<\/li>\n<li>Nicht als Augenschutzger\u00e4t gebrauchen<\/li>\n<li>Nur trocken mit einem Mikrofasertuch reinigen<\/li>\n<\/ul>\n<p>[\/col]<\/p>\n<p>[\/row]<\/p>\n","protected":false},"excerpt":{"rendered":"<p>[row] [col span__sm=&#8221;12&#8243;] Die elegante, zeitlose Klammeraffe-Sonnenlesebrille No. 12 bieten wir Ihnen hier in einzigartiger Horn-Anmutung an. Im unteren Bereich der Sonnengl\u00e4ser ist Ihre Lesest\u00e4rke integriert.\u00a0Der Lesebereich ist auf der Innenseite der Gl\u00e4ser eingeschliffen und von au\u00dfen kaum bemerkbar. Somit ist diese Brille, ganz besonders im Sommer, ein praktischer und vielseitiger Begleiter. Diese Klammeraffe Brille [&hellip;]<\/p>\n","protected":false},"featured_media":209796,"comment_status":"open","ping_status":"closed","template":"","meta":{"_acf_changed":false},"product_brand":[1829],"product_cat":[2390,2191,2388],"product_tag":[2609],"class_list":{"0":"post-214015","1":"product","2":"type-product","3":"status-publish","4":"has-post-thumbnail","6":"product_brand-klammeraffe","7":"product_cat-klammeraffe-en-3","8":"product_cat-bifocal-sunglasses","9":"product_cat-sunglasses","10":"product_tag-no-12","11":"pa_form-panto-en","13":"first","14":"onbackorder","15":"taxable","16":"shipping-taxable","17":"purchasable","18":"product-type-variable"},"acf":[],"_links":{"self":[{"href":"https:\/\/www.lesebrille.de\/en\/wp-json\/wp\/v2\/product\/214015","targetHints":{"allow":["GET"]}}],"collection":[{"href":"https:\/\/www.lesebrille.de\/en\/wp-json\/wp\/v2\/product"}],"about":[{"href":"https:\/\/www.lesebrille.de\/en\/wp-json\/wp\/v2\/types\/product"}],"replies":[{"embeddable":true,"href":"https:\/\/www.lesebrille.de\/en\/wp-json\/wp\/v2\/comments?post=214015"}],"version-history":[{"count":2,"href":"https:\/\/www.lesebrille.de\/en\/wp-json\/wp\/v2\/product\/214015\/revisions"}],"predecessor-version":[{"id":226891,"href":"https:\/\/www.lesebrille.de\/en\/wp-json\/wp\/v2\/product\/214015\/revisions\/226891"}],"wp:featuredmedia":[{"embeddable":true,"href":"https:\/\/www.lesebrille.de\/en\/wp-json\/wp\/v2\/media\/209796"}],"wp:attachment":[{"href":"https:\/\/www.lesebrille.de\/en\/wp-json\/wp\/v2\/media?parent=214015"}],"wp:term":[{"taxonomy":"product_brand","embeddable":true,"href":"https:\/\/www.lesebrille.de\/en\/wp-json\/wp\/v2\/product_brand?post=214015"},{"taxonomy":"product_cat","embeddable":true,"href":"https:\/\/www.lesebrille.de\/en\/wp-json\/wp\/v2\/product_cat?post=214015"},{"taxonomy":"product_tag","embeddable":true,"href":"https:\/\/www.lesebrille.de\/en\/wp-json\/wp\/v2\/product_tag?post=214015"}],"curies":[{"name":"wp","href":"https:\/\/api.w.org\/{rel}","templated":true}]}}