{"id":215091,"date":"2025-06-03T11:49:42","date_gmt":"2025-06-03T09:49:42","guid":{"rendered":"https:\/\/www.lb25.de\/reading-glasses-collection-half-rim-reading-glasses-lb1005-brown\/"},"modified":"2026-03-05T17:00:04","modified_gmt":"2026-03-05T16:00:04","slug":"reading-glasses-collection-half-rim-reading-glasses-lb1005-brown","status":"publish","type":"product","link":"https:\/\/www.lesebrille.de\/en\/reading-glasses-en\/lesebrille-de-collection\/reading-glasses-collection-half-rim-reading-glasses-lb1005-brown\/","title":{"rendered":"LB1005 Brown"},"content":{"rendered":"<h2>Produktbeschreibung<\/h2>\n<p>In unserer eigenen Lesebrille.de Kollektion pr\u00e4sentieren wir Ihnen ausgesuchte Modelle,\u00a0die die wichtigsten Eigenschaften\u00a0von Lesebrillen vereinen (basierend auf Kundenmeinungen\u00a0und unserer 25 J\u00e4hrigen Expertise im Handel mit Brillen). Neben den optischen Eigenschaften haben wir hier besonders auf einen guten Sitz und ein angenehmes Tragegef\u00fchl geachtet, aber auch hohe Anforderungen an die Langlebigkeit gesetzt.<span class=\"Apple-converted-space\">\u00a0<\/span><\/p>\n<p>Das raffinierte Lesebrillenmodell 1005 zeichnet sich durch ihr <strong>Halbrand-Gestell<\/strong> aus, das Ihnen ein ungehindertes, <strong>breites Blickfeld<\/strong> bietet. Es ist ideal f\u00fcr Aktivit\u00e4ten, bei denen Sie den Fokus regelm\u00e4\u00dfig <strong>zwischen Nah- und Fernsicht wechseln<\/strong> m\u00fcssen.<\/p>\n<p>Die Brillenfront der Lesebrille besteht aus einem leichten, aber robusten Metall, das sowohl Langlebigkeit als auch einen ansprechenden Look garantiert. Die Brille vereint Praktikabilit\u00e4t mit Stil und erf\u00fcllt somit die Anspr\u00fcche des modernen Brillentr\u00e4gers.<\/p>\n<p>Ein weiteres Highlight sind die B\u00fcgel, die aus superflexiblem Kunststoff gefertigt sind. Die mattierte Oberfl\u00e4che der B\u00fcgel sorgt zudem f\u00fcr eine ausgezeichnete Haptik, die Ihnen ein angenehmes Gef\u00fchl verleiht, wenn Sie die Brille auf- und absetzen.<\/p>\n<p>Zum Lieferumfang der Lesebrille 1005 geh\u00f6rt auch ein praktisches Etui, ausgestattet mit einem intuitiven Schnappverschluss. Dieser erm\u00f6glicht ein m\u00fcheloses \u00d6ffnen und Schlie\u00dfen, w\u00e4hrend das Etui Ihrer Brille zuverl\u00e4ssigen Schutz bietet. Mit seinem leichten und kompakten Design l\u00e4sst sich das Etui m\u00fchelos in jeder Tasche oder Rucksack verstauen und ist somit der perfekte Begleiter f\u00fcr unterwegs.<\/p>\n<p>Ein besonderer Vorteil dieser Brille ist ihr geringes Gewicht. Mit nur 55g inklusive Etui ist sie besonders leicht und stellt somit keine Belastung dar, selbst wenn Sie sie den ganzen Tag tragen.<\/p>\n<p>Das Modell 1005 ist in Dioptrienst\u00e4rke von +1,50 bis +3,00 und in verschiedenen Farboptionen erh\u00e4ltlich, darunter <strong>Schwarz, Braun und Blau,<\/strong> um Ihren pers\u00f6nlichen Stil zu erg\u00e4nzen und zu unterstreichen.<\/p>\n<p>Die Lesebrille 1005 vereint also Funktionalit\u00e4t und \u00c4sthetik, um Ihnen ein einzigartiges Seherlebnis zu bieten. Sie ist die perfekte Wahl f\u00fcr alle, die Wert auf Komfort und Design legen.<\/p>\n<p>[row]<\/p>\n<p>[col span=&#8221;6&#8243; span__sm=&#8221;12&#8243;]<\/p>\n<h3>Vorteile der Lesebrille.de Kollektion 1005:<\/h3>\n<ul>\n<li class=\"bullet-checkmark\">Qualit\u00e4tsgl\u00e4ser mit Hartlack<\/li>\n<li class=\"bullet-checkmark\">inklusive Etui<\/li>\n<li class=\"bullet-checkmark\">leichtes und robustes Material<\/li>\n<\/ul>\n<p>[\/col]<br \/>\n[col span=&#8221;6&#8243; span__sm=&#8221;12&#8243; padding=&#8221;20px 20px 20px 20px&#8221; bg_color=&#8221;rgb(234, 234, 234)&#8221;]<\/p>\n<h4>Bitte beachten Sie auch diese Hinweise:<\/h4>\n<ul style=\"line-height: 1.6em; font-size: 14px;\">\n<li>Nur zum Nahsehen und Lesen geeignet<\/li>\n<li>Nur eine regelm\u00e4\u00dfige fachkundige Augenuntersuchung erm\u00f6glicht eine optimale Sehhilfe und \u00fcberpr\u00fcft die Gesundheit Ihrer Augen<\/li>\n<li>Nicht beim Fahren von Fahrzeugen gebrauchen<\/li>\n<li>Nicht f\u00fcr das Sehen in der Ferne geeignet<\/li>\n<li>Nicht als Augenschutzger\u00e4t gebrauchen<\/li>\n<li>Nur trocken mit einem Mikrofasertuch reinigen<\/li>\n<\/ul>\n<p>[\/col]<\/p>\n<p>[\/row]<\/p>\n","protected":false},"excerpt":{"rendered":"<p>Produktbeschreibung In unserer eigenen Lesebrille.de Kollektion pr\u00e4sentieren wir Ihnen ausgesuchte Modelle,\u00a0die die wichtigsten Eigenschaften\u00a0von Lesebrillen vereinen (basierend auf Kundenmeinungen\u00a0und unserer 25 J\u00e4hrigen Expertise im Handel mit Brillen). Neben den optischen Eigenschaften haben wir hier besonders auf einen guten Sitz und ein angenehmes Tragegef\u00fchl geachtet, aber auch hohe Anforderungen an die Langlebigkeit gesetzt.\u00a0 Das raffinierte Lesebrillenmodell [&hellip;]<\/p>\n","protected":false},"featured_media":205038,"comment_status":"open","ping_status":"closed","template":"","meta":{"_acf_changed":false},"product_brand":[1828],"product_cat":[2133,1931],"product_tag":[],"class_list":{"0":"post-215091","1":"product","2":"type-product","3":"status-publish","4":"has-post-thumbnail","6":"product_brand-lesebrille-de-kollektion","7":"product_cat-lesebrille-de-collection","8":"product_cat-reading-glasses-en","9":"pa_form-narrow","11":"first","12":"instock","13":"taxable","14":"shipping-taxable","15":"purchasable","16":"product-type-variable"},"acf":[],"_links":{"self":[{"href":"https:\/\/www.lesebrille.de\/en\/wp-json\/wp\/v2\/product\/215091","targetHints":{"allow":["GET"]}}],"collection":[{"href":"https:\/\/www.lesebrille.de\/en\/wp-json\/wp\/v2\/product"}],"about":[{"href":"https:\/\/www.lesebrille.de\/en\/wp-json\/wp\/v2\/types\/product"}],"replies":[{"embeddable":true,"href":"https:\/\/www.lesebrille.de\/en\/wp-json\/wp\/v2\/comments?post=215091"}],"version-history":[{"count":0,"href":"https:\/\/www.lesebrille.de\/en\/wp-json\/wp\/v2\/product\/215091\/revisions"}],"wp:featuredmedia":[{"embeddable":true,"href":"https:\/\/www.lesebrille.de\/en\/wp-json\/wp\/v2\/media\/205038"}],"wp:attachment":[{"href":"https:\/\/www.lesebrille.de\/en\/wp-json\/wp\/v2\/media?parent=215091"}],"wp:term":[{"taxonomy":"product_brand","embeddable":true,"href":"https:\/\/www.lesebrille.de\/en\/wp-json\/wp\/v2\/product_brand?post=215091"},{"taxonomy":"product_cat","embeddable":true,"href":"https:\/\/www.lesebrille.de\/en\/wp-json\/wp\/v2\/product_cat?post=215091"},{"taxonomy":"product_tag","embeddable":true,"href":"https:\/\/www.lesebrille.de\/en\/wp-json\/wp\/v2\/product_tag?post=215091"}],"curies":[{"name":"wp","href":"https:\/\/api.w.org\/{rel}","templated":true}]}}