{"id":215110,"date":"2025-06-03T11:53:04","date_gmt":"2025-06-03T09:53:04","guid":{"rendered":"https:\/\/www.lb25.de\/reading-glasses-collection-reading-glasses-lb1006-black\/"},"modified":"2025-11-06T10:40:35","modified_gmt":"2025-11-06T09:40:35","slug":"reading-glasses-collection-reading-glasses-lb1006-black","status":"publish","type":"product","link":"https:\/\/www.lesebrille.de\/en\/reading-glasses-en\/lesebrille-de-collection\/reading-glasses-collection-reading-glasses-lb1006-black\/","title":{"rendered":"LB1006 Black"},"content":{"rendered":"<h2>Produktbeschreibung<\/h2>\n<p>In unserer eigenen Lesebrille.de Kollektion pr\u00e4sentieren wir Ihnen ausgesuchte Modelle,\u00a0die die wichtigsten Eigenschaften\u00a0von Lesebrillen vereinen (basierend auf Kundenmeinungen\u00a0und unserer 25 J\u00e4hrigen Expertise im Handel mit Brillen). Neben den optischen Eigenschaften haben wir hier besonders auf einen guten Sitz und ein angenehmes Tragegef\u00fchl geachtet, aber auch hohe Anforderungen an die Langlebigkeit gesetzt.<span class=\"Apple-converted-space\">\u00a0<\/span><\/p>\n<p>Noch besser: Dank unserer direkten Zusammenarbeit mit verschiedenen Herstellern k\u00f6nnen wir Ihnen diese hochwertige Lesebrillen zu <strong>besonders fairen Preisen<\/strong> anbieten.<span class=\"Apple-converted-space\">\u00a0<\/span><\/p>\n<p>Die <strong>Metall-Front<\/strong> verleiht der Herrenlesebrille ein modernes und zugleich zeitloses Erscheinungsbild. Es sorgt f\u00fcr Stabilit\u00e4t und Langlebigkeit, w\u00e4hrend die <strong>mattierten Kunststoffb\u00fcgel<\/strong> das Gewicht reduzieren, um ein angenehmes Tragegef\u00fchl zu erm\u00f6glichen. Die Verwendung von Metall und Kunststoff in Kombination verleiht der Brille einen ansprechenden und dennoch dezenten Charakter.<\/p>\n<p>Die Lesebrille 1006 ist mit einer <strong>Nasenauflage aus Kunststoff<\/strong> ausgestattet, f\u00fcr einen angenehmen Sitz und Reduzierung von unangenehme Druckstellen am Nasenr\u00fccken. Diese speziell geformte Nasenauflage sorgt f\u00fcr zus\u00e4tzlichen Komfort, auch bei l\u00e4ngeren Tragezeiten. Noch mehr Tragekomfort bringt dieses Modell dank seiner flexiblen Federscharniere, die sowohl das Auf- und Absetzen erleichtern, sich den Gesichtsbewegungen anpassen und ein Verrutschen verhindern.<span class=\"Apple-converted-space\">\u00a0<\/span><\/p>\n<p>Und das farblich passende und \u00e4u\u00dferst <strong>robuste Hartschalen-Brillenetui<\/strong> mit Magnetverschluss wird gratis mitgeliefert, um Ihre Brille sicher und vor Kratzern gesch\u00fctzt aufzubewahren. Praktisch und strapazierf\u00e4hig, bietet es die ideale Aufbewahrungsl\u00f6sung f\u00fcr unterwegs und zuhause.<\/p>\n<p>Mit dieser Lesebrille aus der Lesebrille.de Kollektion genie\u00dfen Sie gleichzeitig Stil und Komfort. Die Kombination aus modernem Design, tollem Materialien-Mix, bequemer Passform und klarer Sicht macht diese Lesebrille zu ihrer neuen Lieblings-Lesebrille.<span class=\"Apple-converted-space\">\u00a0<\/span><\/p>\n<p>Die Lesebrille.de Kollektion Modell 1006 bietet Dioptrienst\u00e4rken<strong> von +1,00 bis +3,00 Dioptrien<\/strong> und in den Farben schwarz und blau.<\/p>\n<p>[row]<\/p>\n<p>[col span=&#8221;6&#8243; span__sm=&#8221;12&#8243;]<\/p>\n<h3>Vorteile der Lesebrille.de Kollektion 1006:<\/h3>\n<ul>\n<li class=\"bullet-checkmark\">Qualit\u00e4tsgl\u00e4ser mit Hartlack<\/li>\n<li class=\"bullet-checkmark\">Federscharnier<\/li>\n<li class=\"bullet-checkmark\">inklusive Etui<\/li>\n<li class=\"bullet-checkmark\">leichtes und robustes Material<\/li>\n<\/ul>\n<p>[\/col]<br \/>\n[col span=&#8221;6&#8243; span__sm=&#8221;12&#8243; padding=&#8221;20px 20px 20px 20px&#8221; bg_color=&#8221;rgb(234, 234, 234)&#8221;]<\/p>\n<h4>Bitte beachten Sie auch diese Hinweise:<\/h4>\n<ul style=\"line-height: 1.6em; font-size: 14px;\">\n<li>Nur zum Nahsehen und Lesen geeignet<\/li>\n<li>Nur eine regelm\u00e4\u00dfige fachkundige Augenuntersuchung erm\u00f6glicht eine optimale Sehhilfe und \u00fcberpr\u00fcft die Gesundheit Ihrer Augen<\/li>\n<li>Nicht beim Fahren von Fahrzeugen gebrauchen<\/li>\n<li>Nicht f\u00fcr das Sehen in der Ferne geeignet<\/li>\n<li>Nicht als Augenschutzger\u00e4t gebrauchen<\/li>\n<li>Nur trocken mit einem Mikrofasertuch reinigen<\/li>\n<\/ul>\n<p>[\/col]<\/p>\n<p>[\/row]<\/p>\n","protected":false},"excerpt":{"rendered":"<p>Produktbeschreibung In unserer eigenen Lesebrille.de Kollektion pr\u00e4sentieren wir Ihnen ausgesuchte Modelle,\u00a0die die wichtigsten Eigenschaften\u00a0von Lesebrillen vereinen (basierend auf Kundenmeinungen\u00a0und unserer 25 J\u00e4hrigen Expertise im Handel mit Brillen). Neben den optischen Eigenschaften haben wir hier besonders auf einen guten Sitz und ein angenehmes Tragegef\u00fchl geachtet, aber auch hohe Anforderungen an die Langlebigkeit gesetzt.\u00a0 Noch besser: Dank [&hellip;]<\/p>\n","protected":false},"featured_media":205023,"comment_status":"open","ping_status":"closed","template":"","meta":{"_acf_changed":false},"product_brand":[1828],"product_cat":[2133,1931],"product_tag":[2266],"class_list":{"0":"post-215110","1":"product","2":"type-product","3":"status-publish","4":"has-post-thumbnail","6":"product_brand-lesebrille-de-kollektion","7":"product_cat-lesebrille-de-collection","8":"product_cat-reading-glasses-en","9":"product_tag-parent-en","10":"pa_form-standard","12":"first","13":"instock","14":"taxable","15":"shipping-taxable","16":"purchasable","17":"product-type-variable"},"acf":[],"_links":{"self":[{"href":"https:\/\/www.lesebrille.de\/en\/wp-json\/wp\/v2\/product\/215110","targetHints":{"allow":["GET"]}}],"collection":[{"href":"https:\/\/www.lesebrille.de\/en\/wp-json\/wp\/v2\/product"}],"about":[{"href":"https:\/\/www.lesebrille.de\/en\/wp-json\/wp\/v2\/types\/product"}],"replies":[{"embeddable":true,"href":"https:\/\/www.lesebrille.de\/en\/wp-json\/wp\/v2\/comments?post=215110"}],"version-history":[{"count":0,"href":"https:\/\/www.lesebrille.de\/en\/wp-json\/wp\/v2\/product\/215110\/revisions"}],"wp:featuredmedia":[{"embeddable":true,"href":"https:\/\/www.lesebrille.de\/en\/wp-json\/wp\/v2\/media\/205023"}],"wp:attachment":[{"href":"https:\/\/www.lesebrille.de\/en\/wp-json\/wp\/v2\/media?parent=215110"}],"wp:term":[{"taxonomy":"product_brand","embeddable":true,"href":"https:\/\/www.lesebrille.de\/en\/wp-json\/wp\/v2\/product_brand?post=215110"},{"taxonomy":"product_cat","embeddable":true,"href":"https:\/\/www.lesebrille.de\/en\/wp-json\/wp\/v2\/product_cat?post=215110"},{"taxonomy":"product_tag","embeddable":true,"href":"https:\/\/www.lesebrille.de\/en\/wp-json\/wp\/v2\/product_tag?post=215110"}],"curies":[{"name":"wp","href":"https:\/\/api.w.org\/{rel}","templated":true}]}}